{"id":8623,"date":"2017-06-27T13:03:11","date_gmt":"2017-06-27T11:03:11","guid":{"rendered":"https:\/\/cerveny.top-me.eu\/our-partners-abroad\/"},"modified":"2024-03-01T13:38:42","modified_gmt":"2024-03-01T11:38:42","slug":"our-partners-abroad","status":"publish","type":"page","link":"https:\/\/amitomation.cz\/en\/contact\/our-partners-abroad\/","title":{"rendered":"Our partners abroad"},"content":{"rendered":"<h3>Lietuva (Lithuania)<\/h3>\n<table>\n<tbody>\n<tr>\n<td style=\"width: 50%;\">\n<h4>Modtech, MB<\/h4>\n<p>Adr. Topoliu g. 2 Raudondvaris<br \/>\nRaudondvaris, LT-54136<\/td>\n<td>tel.: +370 657 69928<br \/>\ne-mail: sales@modtech.lt<br \/>\n<a href=\"https:\/\/modtech.lt\/\" target=\"_blank\" rel=\"noopener noreferrer\">modtech.lt<\/a><\/td>\n<\/tr>\n<\/tbody>\n<\/table>\n<p>&nbsp;<\/p>\n<h3>Slovensko (Slovakia)<\/h3>\n<table>\n<tbody>\n<tr>\n<td style=\"width: 50%;\">\n<h4>MARET syst\u00e9m s.r.o.<\/h4>\n<p>Podjavorinskej 1614\/1<br \/>\n915 22 Nov\u00e9 Mesto nad V\u00e1hom<\/td>\n<td>tel.: +421 32 7712 692<br \/>\ntel.: +421 32 7712 161<br \/>\nfax: +421 32 7712 161<br \/>\ne-mail: maret@maret.sk<\/td>\n<\/tr>\n<tr>\n<td style=\"width: 50%;\">\n<h4>Brain Data<\/h4>\n<p>Ing. Peter \u017dia\u010dik, PhD.<\/p>\n<p>Hrabovka, Rie\u010dna 55\/27<\/p>\n<p>P\u00fachov, Slovensk\u00e1 republika<\/td>\n<td>tel.: +421 918 649 836<\/p>\n<p>e-mail:\u00a0pziacik@outlook.com<\/td>\n<\/tr>\n<\/tbody>\n<\/table>\n<p>&nbsp;<\/p>\n","protected":false},"excerpt":{"rendered":"<p>Lietuva (Lithuania) Modtech, MB Adr. Topoliu g. 2 Raudondvaris Raudondvaris, LT-54136 tel.: +370 657 69928 e-mail: sales@modtech.lt modtech.lt &nbsp; Slovensko (Slovakia) MARET syst\u00e9m s.r.o. Podjavorinskej 1614\/1 915 22 Nov\u00e9 Mesto nad V\u00e1hom tel.: +421 32 7712 692 tel.: +421 32 7712 161 fax: +421 32 7712 161 e-mail: maret@maret.sk Brain Data Ing. Peter \u017dia\u010dik, PhD.<a class=\"moretag excerpt orangelink\" href=\"https:\/\/amitomation.cz\/en\/contact\/our-partners-abroad\/\">[&#8230;]<\/a><\/p>\n","protected":false},"author":20,"featured_media":0,"parent":8151,"menu_order":2,"comment_status":"closed","ping_status":"closed","template":"page-kontakt.php","meta":{"footnotes":""},"class_list":["post-8623","page","type-page","status-publish","hentry"],"yoast_head":"<!-- This site is optimized with the Yoast SEO plugin v27.1.1 - https:\/\/yoast.com\/product\/yoast-seo-wordpress\/ -->\n<title>Our partners abroad - AMiT Automation<\/title>\n<meta name=\"robots\" content=\"index, follow, max-snippet:-1, max-image-preview:large, max-video-preview:-1\" \/>\n<link rel=\"canonical\" href=\"https:\/\/amitomation.cz\/en\/contact\/our-partners-abroad\/\" \/>\n<meta property=\"og:locale\" content=\"en_US\" \/>\n<meta property=\"og:type\" content=\"article\" \/>\n<meta property=\"og:title\" content=\"Our partners abroad - AMiT Automation\" \/>\n<meta property=\"og:description\" content=\"Lietuva (Lithuania) Modtech, MB Adr. Topoliu g. 2 Raudondvaris Raudondvaris, LT-54136 tel.: +370 657 69928 e-mail: sales@modtech.lt modtech.lt &nbsp; Slovensko (Slovakia) MARET syst\u00e9m s.r.o. Podjavorinskej 1614\/1 915 22 Nov\u00e9 Mesto nad V\u00e1hom tel.: +421 32 7712 692 tel.: +421 32 7712 161 fax: +421 32 7712 161 e-mail: maret@maret.sk Brain Data Ing. Peter \u017dia\u010dik, PhD.[...]\" \/>\n<meta property=\"og:url\" content=\"https:\/\/amitomation.cz\/en\/contact\/our-partners-abroad\/\" \/>\n<meta property=\"og:site_name\" content=\"AMiT Automation\" \/>\n<meta property=\"article:modified_time\" content=\"2024-03-01T11:38:42+00:00\" \/>\n<meta name=\"twitter:card\" content=\"summary_large_image\" \/>\n<meta name=\"twitter:label1\" content=\"Est. reading time\" \/>\n\t<meta name=\"twitter:data1\" content=\"1 minute\" \/>\n<script type=\"application\/ld+json\" class=\"yoast-schema-graph\">{\"@context\":\"https:\/\/schema.org\",\"@graph\":[{\"@type\":\"WebPage\",\"@id\":\"https:\/\/amitomation.cz\/en\/contact\/our-partners-abroad\/\",\"url\":\"https:\/\/amitomation.cz\/en\/contact\/our-partners-abroad\/\",\"name\":\"Our partners abroad - AMiT Automation\",\"isPartOf\":{\"@id\":\"https:\/\/amitomation.cz\/en\/#website\"},\"datePublished\":\"2017-06-27T11:03:11+00:00\",\"dateModified\":\"2024-03-01T11:38:42+00:00\",\"breadcrumb\":{\"@id\":\"https:\/\/amitomation.cz\/en\/contact\/our-partners-abroad\/#breadcrumb\"},\"inLanguage\":\"en-US\",\"potentialAction\":[{\"@type\":\"ReadAction\",\"target\":[\"https:\/\/amitomation.cz\/en\/contact\/our-partners-abroad\/\"]}]},{\"@type\":\"BreadcrumbList\",\"@id\":\"https:\/\/amitomation.cz\/en\/contact\/our-partners-abroad\/#breadcrumb\",\"itemListElement\":[{\"@type\":\"ListItem\",\"position\":1,\"name\":\"Home\",\"item\":\"https:\/\/amitomation.cz\/en\/\"},{\"@type\":\"ListItem\",\"position\":2,\"name\":\"Contacts\",\"item\":\"https:\/\/amitomation.cz\/en\/contact\/\"},{\"@type\":\"ListItem\",\"position\":3,\"name\":\"Our partners abroad\"}]},{\"@type\":\"WebSite\",\"@id\":\"https:\/\/amitomation.cz\/en\/#website\",\"url\":\"https:\/\/amitomation.cz\/en\/\",\"name\":\"AMiT Automation\",\"description\":\"Czech manufacturer of Control Systems and Industrial Automation Electronics\",\"publisher\":{\"@id\":\"https:\/\/amitomation.cz\/en\/#organization\"},\"potentialAction\":[{\"@type\":\"SearchAction\",\"target\":{\"@type\":\"EntryPoint\",\"urlTemplate\":\"https:\/\/amitomation.cz\/en\/?s={search_term_string}\"},\"query-input\":{\"@type\":\"PropertyValueSpecification\",\"valueRequired\":true,\"valueName\":\"search_term_string\"}}],\"inLanguage\":\"en-US\"},{\"@type\":\"Organization\",\"@id\":\"https:\/\/amitomation.cz\/en\/#organization\",\"name\":\"AMiT, spol. s r.o.\",\"url\":\"https:\/\/amitomation.cz\/en\/\",\"logo\":{\"@type\":\"ImageObject\",\"inLanguage\":\"en-US\",\"@id\":\"https:\/\/amitomation.cz\/en\/#\/schema\/logo\/image\/\",\"url\":\"https:\/\/amitomation.cz\/wp-content\/uploads\/2017\/07\/amit_automation_100x42.gif\",\"contentUrl\":\"https:\/\/amitomation.cz\/wp-content\/uploads\/2017\/07\/amit_automation_100x42.gif\",\"width\":100,\"height\":42,\"caption\":\"AMiT, spol. s r.o.\"},\"image\":{\"@id\":\"https:\/\/amitomation.cz\/en\/#\/schema\/logo\/image\/\"},\"sameAs\":[\"https:\/\/www.linkedin.com\/organization\/10939938\/\"]}]}<\/script>\n<!-- \/ Yoast SEO plugin. -->","yoast_head_json":{"title":"Our partners abroad - AMiT Automation","robots":{"index":"index","follow":"follow","max-snippet":"max-snippet:-1","max-image-preview":"max-image-preview:large","max-video-preview":"max-video-preview:-1"},"canonical":"https:\/\/amitomation.cz\/en\/contact\/our-partners-abroad\/","og_locale":"en_US","og_type":"article","og_title":"Our partners abroad - AMiT Automation","og_description":"Lietuva (Lithuania) Modtech, MB Adr. Topoliu g. 2 Raudondvaris Raudondvaris, LT-54136 tel.: +370 657 69928 e-mail: sales@modtech.lt modtech.lt &nbsp; Slovensko (Slovakia) MARET syst\u00e9m s.r.o. Podjavorinskej 1614\/1 915 22 Nov\u00e9 Mesto nad V\u00e1hom tel.: +421 32 7712 692 tel.: +421 32 7712 161 fax: +421 32 7712 161 e-mail: maret@maret.sk Brain Data Ing. Peter \u017dia\u010dik, PhD.[...]","og_url":"https:\/\/amitomation.cz\/en\/contact\/our-partners-abroad\/","og_site_name":"AMiT Automation","article_modified_time":"2024-03-01T11:38:42+00:00","twitter_card":"summary_large_image","twitter_misc":{"Est. reading time":"1 minute"},"schema":{"@context":"https:\/\/schema.org","@graph":[{"@type":"WebPage","@id":"https:\/\/amitomation.cz\/en\/contact\/our-partners-abroad\/","url":"https:\/\/amitomation.cz\/en\/contact\/our-partners-abroad\/","name":"Our partners abroad - AMiT Automation","isPartOf":{"@id":"https:\/\/amitomation.cz\/en\/#website"},"datePublished":"2017-06-27T11:03:11+00:00","dateModified":"2024-03-01T11:38:42+00:00","breadcrumb":{"@id":"https:\/\/amitomation.cz\/en\/contact\/our-partners-abroad\/#breadcrumb"},"inLanguage":"en-US","potentialAction":[{"@type":"ReadAction","target":["https:\/\/amitomation.cz\/en\/contact\/our-partners-abroad\/"]}]},{"@type":"BreadcrumbList","@id":"https:\/\/amitomation.cz\/en\/contact\/our-partners-abroad\/#breadcrumb","itemListElement":[{"@type":"ListItem","position":1,"name":"Home","item":"https:\/\/amitomation.cz\/en\/"},{"@type":"ListItem","position":2,"name":"Contacts","item":"https:\/\/amitomation.cz\/en\/contact\/"},{"@type":"ListItem","position":3,"name":"Our partners abroad"}]},{"@type":"WebSite","@id":"https:\/\/amitomation.cz\/en\/#website","url":"https:\/\/amitomation.cz\/en\/","name":"AMiT Automation","description":"Czech manufacturer of Control Systems and Industrial Automation Electronics","publisher":{"@id":"https:\/\/amitomation.cz\/en\/#organization"},"potentialAction":[{"@type":"SearchAction","target":{"@type":"EntryPoint","urlTemplate":"https:\/\/amitomation.cz\/en\/?s={search_term_string}"},"query-input":{"@type":"PropertyValueSpecification","valueRequired":true,"valueName":"search_term_string"}}],"inLanguage":"en-US"},{"@type":"Organization","@id":"https:\/\/amitomation.cz\/en\/#organization","name":"AMiT, spol. s r.o.","url":"https:\/\/amitomation.cz\/en\/","logo":{"@type":"ImageObject","inLanguage":"en-US","@id":"https:\/\/amitomation.cz\/en\/#\/schema\/logo\/image\/","url":"https:\/\/amitomation.cz\/wp-content\/uploads\/2017\/07\/amit_automation_100x42.gif","contentUrl":"https:\/\/amitomation.cz\/wp-content\/uploads\/2017\/07\/amit_automation_100x42.gif","width":100,"height":42,"caption":"AMiT, spol. s r.o."},"image":{"@id":"https:\/\/amitomation.cz\/en\/#\/schema\/logo\/image\/"},"sameAs":["https:\/\/www.linkedin.com\/organization\/10939938\/"]}]}},"_links":{"self":[{"href":"https:\/\/amitomation.cz\/en\/wp-json\/wp\/v2\/pages\/8623","targetHints":{"allow":["GET"]}}],"collection":[{"href":"https:\/\/amitomation.cz\/en\/wp-json\/wp\/v2\/pages"}],"about":[{"href":"https:\/\/amitomation.cz\/en\/wp-json\/wp\/v2\/types\/page"}],"author":[{"embeddable":true,"href":"https:\/\/amitomation.cz\/en\/wp-json\/wp\/v2\/users\/20"}],"replies":[{"embeddable":true,"href":"https:\/\/amitomation.cz\/en\/wp-json\/wp\/v2\/comments?post=8623"}],"version-history":[{"count":4,"href":"https:\/\/amitomation.cz\/en\/wp-json\/wp\/v2\/pages\/8623\/revisions"}],"predecessor-version":[{"id":54954,"href":"https:\/\/amitomation.cz\/en\/wp-json\/wp\/v2\/pages\/8623\/revisions\/54954"}],"up":[{"embeddable":true,"href":"https:\/\/amitomation.cz\/en\/wp-json\/wp\/v2\/pages\/8151"}],"wp:attachment":[{"href":"https:\/\/amitomation.cz\/en\/wp-json\/wp\/v2\/media?parent=8623"}],"curies":[{"name":"wp","href":"https:\/\/api.w.org\/{rel}","templated":true}]}}