{"id":8151,"date":"2016-03-07T16:03:10","date_gmt":"2016-03-07T16:03:10","guid":{"rendered":"https:\/\/cerveny.top-me.eu\/contact\/"},"modified":"2026-01-11T20:18:07","modified_gmt":"2026-01-11T19:18:07","slug":"contact","status":"publish","type":"page","link":"https:\/\/amitomation.cz\/en\/contact\/","title":{"rendered":"Contacts"},"content":{"rendered":"<div class=\"pure-u-1-2\"><\/div>\n<div>\n<h2 id=\"brno\" class=\"nodecoration\">BRNO<\/h2>\n<h3>Headquarters, billing address,\u00a0purchasing department<\/h3>\n<table>\n<tbody>\n<tr>\n<td style=\"width: 252px;\"><a href=\"\/wp-content\/uploads\/2016\/03\/budova_brno.jpg\"><img loading=\"lazy\" decoding=\"async\" class=\"wp-image-2382 size-full alignleft\" src=\"\/wp-content\/uploads\/2016\/03\/budova_brno.jpg\" width=\"250\" height=\"170\" \/><\/a><\/td>\n<td style=\"width: 386.9px;\">V\u00edde\u0148sk\u00e1 186\/118<\/p>\n<p>619 00 BRNO<\/p>\n<p>Czech Republic<\/p>\n<p>&nbsp;<\/p>\n<p><a href=\"http:\/\/www.mapy.cz\/s\/7YYs\">map &#8211; AMiT Brno<\/a><\/p>\n<p>GPS: 49\u00b08&#8217;34.980&#8243;\u00a0N, 16\u00b036&#8217;6.736&#8243;\u00a0E<\/p>\n<p>&nbsp;<\/p>\n<p><strong>VAT No: CZ45316015<\/strong><\/td>\n<td style=\"width: 382.1px;\">tel.: +420 541 217 220<\/p>\n<p>tel.: +420 549 210 403<\/p>\n<p>tel.: +420 549 210 276<\/p>\n<p>&nbsp;<\/p>\n<p>e-mail: info@amit-automation.cz<\/p>\n<p>&nbsp;<\/td>\n<\/tr>\n<\/tbody>\n<\/table>\n<div class=\"clear\">\n<div class=\"pure-u-1-2\"><\/div>\n<\/div>\n<h2 id=\"ostrava\" class=\"nodecoration\">OSTRAVA<\/h2>\n<table>\n<tbody>\n<tr>\n<td style=\"width: 252px;\"><a href=\"\/wp-content\/uploads\/2016\/03\/budova_ostrava.jpg\"><img loading=\"lazy\" decoding=\"async\" class=\"wp-image-2381 size-full alignleft\" src=\"\/wp-content\/uploads\/2016\/03\/budova_ostrava.jpg\" width=\"250\" height=\"170\" \/><\/a><\/td>\n<td style=\"width: 388.183px;\">Starob\u011blsk\u00e1 13<\/p>\n<p>700 30 OSTRAVA<\/p>\n<p>Czech Republic<\/p>\n<p>&nbsp;<\/p>\n<p><a href=\"http:\/\/www.mapy.cz\/s\/6Lng\">map &#8211; AMiT Ostrava<br \/>\n<\/a>GPS: 49\u00b048&#8217;6.48&#8221; N, 18\u00b015&#8217;14.18&#8221; E<\/td>\n<td style=\"width: 378.817px;\">tel.: +420 597 070 170<\/p>\n<p>mob.: +420 777 713 473<\/p>\n<p>&nbsp;<\/p>\n<p>&nbsp;<\/p>\n<p>&nbsp;<\/p>\n<p>&nbsp;<\/td>\n<\/tr>\n<\/tbody>\n<\/table>\n<p>&nbsp;<\/p>\n<h2>HRADEC KRALOVE<\/h2>\n<h3>Store, distribution point<\/h3>\n<table>\n<tbody>\n<tr>\n<td style=\"width: 252px;\" valign=\"top\">&nbsp;<\/p>\n<p><img loading=\"lazy\" decoding=\"async\" class=\"wp-image-58497 alignleft\" src=\"https:\/\/amitomation.cz\/wp-content\/uploads\/2026\/01\/sklad_hradec01-500x375.jpg\" alt=\"\" width=\"267\" height=\"201\" srcset=\"https:\/\/amitomation.cz\/wp-content\/uploads\/2026\/01\/sklad_hradec01-500x375.jpg 500w, https:\/\/amitomation.cz\/wp-content\/uploads\/2026\/01\/sklad_hradec01-300x225.jpg 300w, https:\/\/amitomation.cz\/wp-content\/uploads\/2026\/01\/sklad_hradec01-150x113.jpg 150w, https:\/\/amitomation.cz\/wp-content\/uploads\/2026\/01\/sklad_hradec01-486x365.jpg 486w, https:\/\/amitomation.cz\/wp-content\/uploads\/2026\/01\/sklad_hradec01-24x18.jpg 24w, https:\/\/amitomation.cz\/wp-content\/uploads\/2026\/01\/sklad_hradec01-36x27.jpg 36w, https:\/\/amitomation.cz\/wp-content\/uploads\/2026\/01\/sklad_hradec01-48x36.jpg 48w, https:\/\/amitomation.cz\/wp-content\/uploads\/2026\/01\/sklad_hradec01-600x450.jpg 600w, https:\/\/amitomation.cz\/wp-content\/uploads\/2026\/01\/sklad_hradec01.jpg 640w\" sizes=\"auto, (max-width: 267px) 100vw, 267px\" \/><\/td>\n<td style=\"width: 386.9px;\"><strong>AMiT Automation s.r.o.<\/strong><\/p>\n<p>Kladsk\u00e1 17\/44a<\/p>\n<p>500 03 HRADEC KRALOVE<\/p>\n<p>Czech Republic<\/p>\n<p>&nbsp;<\/td>\n<td style=\"width: 389.033px;\">tel.: +420 491 512 870<\/p>\n<p>&nbsp;<\/p>\n<p>&nbsp;<\/p>\n<p>&nbsp;<\/p>\n<p>&nbsp;<\/td>\n<\/tr>\n<\/tbody>\n<\/table>\n<div class=\"pure-u-1-2\"><\/div>\n<\/div>\n<h2>PRAGUE<\/h2>\n<h3>Production, service department<\/h3>\n<table style=\"width: 97.9993%;\">\n<tbody>\n<tr>\n<td style=\"width: 25.607%;\"><img loading=\"lazy\" decoding=\"async\" class=\"alignleft wp-image-12506 size-medium\" src=\"https:\/\/amitomation.cz\/wp-content\/uploads\/2021\/09\/na_hurce02-300x209.jpg\" alt=\"\" width=\"300\" height=\"209\" srcset=\"https:\/\/amitomation.cz\/wp-content\/uploads\/2021\/09\/na_hurce02-300x209.jpg 300w, https:\/\/amitomation.cz\/wp-content\/uploads\/2021\/09\/na_hurce02-150x105.jpg 150w, https:\/\/amitomation.cz\/wp-content\/uploads\/2021\/09\/na_hurce02-486x339.jpg 486w, https:\/\/amitomation.cz\/wp-content\/uploads\/2021\/09\/na_hurce02-24x17.jpg 24w, https:\/\/amitomation.cz\/wp-content\/uploads\/2021\/09\/na_hurce02-36x25.jpg 36w, https:\/\/amitomation.cz\/wp-content\/uploads\/2021\/09\/na_hurce02-48x33.jpg 48w, https:\/\/amitomation.cz\/wp-content\/uploads\/2021\/09\/na_hurce02.jpg 495w\" sizes=\"auto, (max-width: 300px) 100vw, 300px\" \/><\/td>\n<td style=\"width: 38.4564%;\">Na H\u016frce 1091\/8<\/p>\n<p>160 00 PRAGUE 6<\/p>\n<p>Czech Republic<\/p>\n<p>&nbsp;<\/p>\n<p><a href=\"https:\/\/goo.gl\/maps\/X8uPo1ZGzLhdLL776\">map &#8211; AMiT Prague<\/a><\/p>\n<p>GPS: 50\u00b04&#8217;45.7&#8221; N, 14\u00b017&#8217;24.734&#8221; E<\/p>\n<p>&nbsp;<\/td>\n<td style=\"width: 35.8637%;\">tel.: +420 222 780 100<\/p>\n<p>&nbsp;<\/p>\n<p>&nbsp;<\/p>\n<p>&nbsp;<\/p>\n<p>&nbsp;<\/p>\n<p>&nbsp;<\/p>\n<p>&nbsp;<\/td>\n<\/tr>\n<\/tbody>\n<\/table>\n<p>&nbsp;<\/p>\n<h2>Important contacts<\/h2>\n<table style=\"width: 97.9993%;\" border=\"0\" cellpadding=\"5\">\n<tbody>\n<tr>\n<td style=\"width: 16%;\" align=\"left\" valign=\"top\" width=\"16%\"><strong>Sales team, Inquiries<\/strong><\/td>\n<td style=\"width: 16.1459%;\" align=\"left\" valign=\"top\" width=\"16%\"><strong>Store, distribution point<\/strong><\/td>\n<td style=\"width: 15.8541%;\" align=\"left\" valign=\"top\" width=\"16%\"><strong>Customer support \/<br \/>\nOrders<\/strong><\/td>\n<td style=\"width: 16%;\" align=\"left\" valign=\"top\" width=\"16%\"><strong>Technical support<\/strong><\/td>\n<td style=\"width: 16%;\" align=\"left\" valign=\"top\" width=\"16%\"><strong>RMA service<br \/>\n<\/strong><\/td>\n<\/tr>\n<tr>\n<td style=\"width: 16%;\" align=\"left\" valign=\"top\" width=\"16%\"><a href=\"mailto:sales@amit-automation.cz\">sales@amit-automation.cz<\/a><\/td>\n<td style=\"width: 16.1459%;\" align=\"left\" valign=\"top\" width=\"16%\"><\/td>\n<td style=\"width: 15.8541%;\" align=\"left\" valign=\"top\" width=\"16%\"><a href=\"mailto:orders@amit-automation.cz\">orders@amit-automation.cz<\/a><\/td>\n<td style=\"width: 16%;\" align=\"left\" valign=\"top\" width=\"16%\"><a href=\"mailto:support@amit.cz\">support@amit.cz<\/a><\/td>\n<td style=\"width: 16%;\" align=\"left\" valign=\"top\" width=\"16%\"><a href=\"mailto:claims@amit-automation.cz\">claims@amit-automation.cz<br \/>\n<\/a><\/td>\n<\/tr>\n<tr>\n<td style=\"width: 16%;\" align=\"left\" valign=\"top\" width=\"16%\">+420 778 775 407<br \/>\n+420 541 217 220<\/td>\n<td style=\"width: 16.1459%;\" align=\"left\" valign=\"top\" width=\"16%\">+420 739 028 921<\/td>\n<td style=\"width: 15.8541%;\" align=\"left\" valign=\"top\" width=\"16%\">+420 541 217 220<\/td>\n<td style=\"width: 16%;\" align=\"left\" valign=\"top\" width=\"16%\">+420 549 210 276<\/td>\n<td style=\"width: 16%;\" align=\"left\" valign=\"top\" width=\"16%\">+420 277 004 582<br \/>\n+420 773 737 784<\/td>\n<\/tr>\n<tr>\n<td style=\"width: 16%;\" align=\"left\" valign=\"top\" width=\"16%\"><\/td>\n<td style=\"width: 16.1459%;\" align=\"left\" valign=\"top\" width=\"16%\">weekdays, from 8:00 to 15:00<\/td>\n<td style=\"width: 15.8541%;\" align=\"left\" valign=\"top\" width=\"16%\">weekdays, from 8:00 to 16:00<\/td>\n<td style=\"width: 16%;\" align=\"left\" valign=\"top\" width=\"16%\">weekdays, from 8:00 to 16:00<\/td>\n<td style=\"width: 16%;\" align=\"left\" valign=\"top\" width=\"16%\">personal reception of claims is possible only in\u00a0 Prague, from 8:00 to 16:00<\/td>\n<\/tr>\n<\/tbody>\n<\/table>\n<div class=\"pure-u-1-2\"><\/div>\n<p>&nbsp;<\/p>\n","protected":false},"excerpt":{"rendered":"<p>BRNO Headquarters, billing address,\u00a0purchasing department V\u00edde\u0148sk\u00e1 186\/118 619 00 BRNO Czech Republic &nbsp; map &#8211; AMiT Brno GPS: 49\u00b08&#8217;34.980&#8243;\u00a0N, 16\u00b036&#8217;6.736&#8243;\u00a0E &nbsp; VAT No: CZ45316015 tel.: +420 541 217 220 tel.: +420 549 210 403 tel.: +420 549 210 276 &nbsp; e-mail: info@amit-automation.cz &nbsp; OSTRAVA Starob\u011blsk\u00e1 13 700 30 OSTRAVA Czech Republic &nbsp; map &#8211; AMiT<a class=\"moretag excerpt orangelink\" href=\"https:\/\/amitomation.cz\/en\/contact\/\">[&#8230;]<\/a><\/p>\n","protected":false},"author":51,"featured_media":0,"parent":0,"menu_order":0,"comment_status":"closed","ping_status":"closed","template":"page-kontakt.php","meta":{"footnotes":""},"class_list":["post-8151","page","type-page","status-publish","hentry"],"yoast_head":"<!-- This site is optimized with the Yoast SEO plugin v27.1.1 - https:\/\/yoast.com\/product\/yoast-seo-wordpress\/ -->\n<title>Contacts - AMiT Automation<\/title>\n<meta name=\"description\" content=\"Kompletn\u00ed kontaktn\u00ed \u00fadaje firmy AMiT, spol. s r.o. - centr\u00e1la Brno, kancel\u00e1\u0159e Praha a Ostrava.\" \/>\n<meta name=\"robots\" content=\"index, follow, max-snippet:-1, max-image-preview:large, max-video-preview:-1\" \/>\n<link rel=\"canonical\" href=\"https:\/\/amitomation.cz\/en\/contact\/\" \/>\n<meta property=\"og:locale\" content=\"en_US\" \/>\n<meta property=\"og:type\" content=\"article\" \/>\n<meta property=\"og:title\" content=\"Contacts - AMiT Automation\" \/>\n<meta property=\"og:description\" content=\"Kompletn\u00ed kontaktn\u00ed \u00fadaje firmy AMiT, spol. s r.o. - centr\u00e1la Brno, kancel\u00e1\u0159e Praha a Ostrava.\" \/>\n<meta property=\"og:url\" content=\"https:\/\/amitomation.cz\/en\/contact\/\" \/>\n<meta property=\"og:site_name\" content=\"AMiT Automation\" \/>\n<meta property=\"article:modified_time\" content=\"2026-01-11T19:18:07+00:00\" \/>\n<meta property=\"og:image\" content=\"https:\/\/amitomation.cz\/wp-content\/uploads\/2026\/01\/sklad_hradec01-500x375.jpg\" \/>\n<meta name=\"twitter:card\" content=\"summary_large_image\" \/>\n<meta name=\"twitter:label1\" content=\"Est. reading time\" \/>\n\t<meta name=\"twitter:data1\" content=\"2 minutes\" \/>\n<script type=\"application\/ld+json\" class=\"yoast-schema-graph\">{\"@context\":\"https:\/\/schema.org\",\"@graph\":[{\"@type\":\"WebPage\",\"@id\":\"https:\/\/amitomation.cz\/en\/contact\/\",\"url\":\"https:\/\/amitomation.cz\/en\/contact\/\",\"name\":\"Contacts - AMiT Automation\",\"isPartOf\":{\"@id\":\"https:\/\/amitomation.cz\/en\/#website\"},\"primaryImageOfPage\":{\"@id\":\"https:\/\/amitomation.cz\/en\/contact\/#primaryimage\"},\"image\":{\"@id\":\"https:\/\/amitomation.cz\/en\/contact\/#primaryimage\"},\"thumbnailUrl\":\"https:\/\/amitomation.cz\/wp-content\/uploads\/2026\/01\/sklad_hradec01-500x375.jpg\",\"datePublished\":\"2016-03-07T16:03:10+00:00\",\"dateModified\":\"2026-01-11T19:18:07+00:00\",\"description\":\"Kompletn\u00ed kontaktn\u00ed \u00fadaje firmy AMiT, spol. s r.o. - centr\u00e1la Brno, kancel\u00e1\u0159e Praha a Ostrava.\",\"breadcrumb\":{\"@id\":\"https:\/\/amitomation.cz\/en\/contact\/#breadcrumb\"},\"inLanguage\":\"en-US\",\"potentialAction\":[{\"@type\":\"ReadAction\",\"target\":[\"https:\/\/amitomation.cz\/en\/contact\/\"]}]},{\"@type\":\"ImageObject\",\"inLanguage\":\"en-US\",\"@id\":\"https:\/\/amitomation.cz\/en\/contact\/#primaryimage\",\"url\":\"https:\/\/amitomation.cz\/wp-content\/uploads\/2026\/01\/sklad_hradec01-500x375.jpg\",\"contentUrl\":\"https:\/\/amitomation.cz\/wp-content\/uploads\/2026\/01\/sklad_hradec01-500x375.jpg\"},{\"@type\":\"BreadcrumbList\",\"@id\":\"https:\/\/amitomation.cz\/en\/contact\/#breadcrumb\",\"itemListElement\":[{\"@type\":\"ListItem\",\"position\":1,\"name\":\"Home\",\"item\":\"https:\/\/amitomation.cz\/en\/\"},{\"@type\":\"ListItem\",\"position\":2,\"name\":\"Contacts\"}]},{\"@type\":\"WebSite\",\"@id\":\"https:\/\/amitomation.cz\/en\/#website\",\"url\":\"https:\/\/amitomation.cz\/en\/\",\"name\":\"AMiT Automation\",\"description\":\"Czech manufacturer of Control Systems and Industrial Automation Electronics\",\"publisher\":{\"@id\":\"https:\/\/amitomation.cz\/en\/#organization\"},\"potentialAction\":[{\"@type\":\"SearchAction\",\"target\":{\"@type\":\"EntryPoint\",\"urlTemplate\":\"https:\/\/amitomation.cz\/en\/?s={search_term_string}\"},\"query-input\":{\"@type\":\"PropertyValueSpecification\",\"valueRequired\":true,\"valueName\":\"search_term_string\"}}],\"inLanguage\":\"en-US\"},{\"@type\":\"Organization\",\"@id\":\"https:\/\/amitomation.cz\/en\/#organization\",\"name\":\"AMiT, spol. s r.o.\",\"url\":\"https:\/\/amitomation.cz\/en\/\",\"logo\":{\"@type\":\"ImageObject\",\"inLanguage\":\"en-US\",\"@id\":\"https:\/\/amitomation.cz\/en\/#\/schema\/logo\/image\/\",\"url\":\"https:\/\/amitomation.cz\/wp-content\/uploads\/2017\/07\/amit_automation_100x42.gif\",\"contentUrl\":\"https:\/\/amitomation.cz\/wp-content\/uploads\/2017\/07\/amit_automation_100x42.gif\",\"width\":100,\"height\":42,\"caption\":\"AMiT, spol. s r.o.\"},\"image\":{\"@id\":\"https:\/\/amitomation.cz\/en\/#\/schema\/logo\/image\/\"},\"sameAs\":[\"https:\/\/www.linkedin.com\/organization\/10939938\/\"]}]}<\/script>\n<!-- \/ Yoast SEO plugin. -->","yoast_head_json":{"title":"Contacts - AMiT Automation","description":"Kompletn\u00ed kontaktn\u00ed \u00fadaje firmy AMiT, spol. s r.o. - centr\u00e1la Brno, kancel\u00e1\u0159e Praha a Ostrava.","robots":{"index":"index","follow":"follow","max-snippet":"max-snippet:-1","max-image-preview":"max-image-preview:large","max-video-preview":"max-video-preview:-1"},"canonical":"https:\/\/amitomation.cz\/en\/contact\/","og_locale":"en_US","og_type":"article","og_title":"Contacts - AMiT Automation","og_description":"Kompletn\u00ed kontaktn\u00ed \u00fadaje firmy AMiT, spol. s r.o. - centr\u00e1la Brno, kancel\u00e1\u0159e Praha a Ostrava.","og_url":"https:\/\/amitomation.cz\/en\/contact\/","og_site_name":"AMiT Automation","article_modified_time":"2026-01-11T19:18:07+00:00","og_image":[{"url":"https:\/\/amitomation.cz\/wp-content\/uploads\/2026\/01\/sklad_hradec01-500x375.jpg","type":"","width":"","height":""}],"twitter_card":"summary_large_image","twitter_misc":{"Est. reading time":"2 minutes"},"schema":{"@context":"https:\/\/schema.org","@graph":[{"@type":"WebPage","@id":"https:\/\/amitomation.cz\/en\/contact\/","url":"https:\/\/amitomation.cz\/en\/contact\/","name":"Contacts - AMiT Automation","isPartOf":{"@id":"https:\/\/amitomation.cz\/en\/#website"},"primaryImageOfPage":{"@id":"https:\/\/amitomation.cz\/en\/contact\/#primaryimage"},"image":{"@id":"https:\/\/amitomation.cz\/en\/contact\/#primaryimage"},"thumbnailUrl":"https:\/\/amitomation.cz\/wp-content\/uploads\/2026\/01\/sklad_hradec01-500x375.jpg","datePublished":"2016-03-07T16:03:10+00:00","dateModified":"2026-01-11T19:18:07+00:00","description":"Kompletn\u00ed kontaktn\u00ed \u00fadaje firmy AMiT, spol. s r.o. - centr\u00e1la Brno, kancel\u00e1\u0159e Praha a Ostrava.","breadcrumb":{"@id":"https:\/\/amitomation.cz\/en\/contact\/#breadcrumb"},"inLanguage":"en-US","potentialAction":[{"@type":"ReadAction","target":["https:\/\/amitomation.cz\/en\/contact\/"]}]},{"@type":"ImageObject","inLanguage":"en-US","@id":"https:\/\/amitomation.cz\/en\/contact\/#primaryimage","url":"https:\/\/amitomation.cz\/wp-content\/uploads\/2026\/01\/sklad_hradec01-500x375.jpg","contentUrl":"https:\/\/amitomation.cz\/wp-content\/uploads\/2026\/01\/sklad_hradec01-500x375.jpg"},{"@type":"BreadcrumbList","@id":"https:\/\/amitomation.cz\/en\/contact\/#breadcrumb","itemListElement":[{"@type":"ListItem","position":1,"name":"Home","item":"https:\/\/amitomation.cz\/en\/"},{"@type":"ListItem","position":2,"name":"Contacts"}]},{"@type":"WebSite","@id":"https:\/\/amitomation.cz\/en\/#website","url":"https:\/\/amitomation.cz\/en\/","name":"AMiT Automation","description":"Czech manufacturer of Control Systems and Industrial Automation Electronics","publisher":{"@id":"https:\/\/amitomation.cz\/en\/#organization"},"potentialAction":[{"@type":"SearchAction","target":{"@type":"EntryPoint","urlTemplate":"https:\/\/amitomation.cz\/en\/?s={search_term_string}"},"query-input":{"@type":"PropertyValueSpecification","valueRequired":true,"valueName":"search_term_string"}}],"inLanguage":"en-US"},{"@type":"Organization","@id":"https:\/\/amitomation.cz\/en\/#organization","name":"AMiT, spol. s r.o.","url":"https:\/\/amitomation.cz\/en\/","logo":{"@type":"ImageObject","inLanguage":"en-US","@id":"https:\/\/amitomation.cz\/en\/#\/schema\/logo\/image\/","url":"https:\/\/amitomation.cz\/wp-content\/uploads\/2017\/07\/amit_automation_100x42.gif","contentUrl":"https:\/\/amitomation.cz\/wp-content\/uploads\/2017\/07\/amit_automation_100x42.gif","width":100,"height":42,"caption":"AMiT, spol. s r.o."},"image":{"@id":"https:\/\/amitomation.cz\/en\/#\/schema\/logo\/image\/"},"sameAs":["https:\/\/www.linkedin.com\/organization\/10939938\/"]}]}},"_links":{"self":[{"href":"https:\/\/amitomation.cz\/en\/wp-json\/wp\/v2\/pages\/8151","targetHints":{"allow":["GET"]}}],"collection":[{"href":"https:\/\/amitomation.cz\/en\/wp-json\/wp\/v2\/pages"}],"about":[{"href":"https:\/\/amitomation.cz\/en\/wp-json\/wp\/v2\/types\/page"}],"author":[{"embeddable":true,"href":"https:\/\/amitomation.cz\/en\/wp-json\/wp\/v2\/users\/51"}],"replies":[{"embeddable":true,"href":"https:\/\/amitomation.cz\/en\/wp-json\/wp\/v2\/comments?post=8151"}],"version-history":[{"count":25,"href":"https:\/\/amitomation.cz\/en\/wp-json\/wp\/v2\/pages\/8151\/revisions"}],"predecessor-version":[{"id":58501,"href":"https:\/\/amitomation.cz\/en\/wp-json\/wp\/v2\/pages\/8151\/revisions\/58501"}],"wp:attachment":[{"href":"https:\/\/amitomation.cz\/en\/wp-json\/wp\/v2\/media?parent=8151"}],"curies":[{"name":"wp","href":"https:\/\/api.w.org\/{rel}","templated":true}]}}