{"id":8135,"date":"2016-02-26T12:00:55","date_gmt":"2016-02-26T10:00:55","guid":{"rendered":"https:\/\/cerveny.top-me.eu\/company\/"},"modified":"2025-11-05T22:04:15","modified_gmt":"2025-11-05T20:04:15","slug":"company","status":"publish","type":"page","link":"https:\/\/amitomation.cz\/en\/company\/","title":{"rendered":"Company"},"content":{"rendered":"<div class=\"assection\">\n<h2>AMiT Automation s.r.o.<\/h2>\n<p>was established in 2025 by spinning off AMiT, spol. s r.o., a traditional Czech manufacturer of industrial electronics, modern and reliable solutions for the fields of public and mass transport (now AMiT Transportation s.r.o.), industrial automation and building automation.<\/p>\n<p>AMiT Automation subscribes to the principles of social responsibility, with an emphasis on company sustainability development through corporate culture improving and responsible behaviour towards society.<\/p>\n<p>&nbsp;<\/p>\n<h3><strong>Basic company data<\/strong><\/h3>\n<p><strong>Established AMiT, spol. s r.o.<\/strong>: 1992, in Prague, Czech Republic<br \/>\n<strong>Employees<\/strong>: 157 (2024)<br \/>\n<strong>Sales offices and technical support<\/strong>: Prague, Brno, Ostrava (Czech Republic)<\/p>\n<p><strong>AMiT Automation s.r.o.<br \/>\n<\/strong><strong>Registered office<\/strong>:\u00a0V\u00edde\u0148sk\u00e1 186\/118,\u00a0619 00 Brno, Czech Republic<br \/>\n<strong>Trade ID<\/strong>: 276 52 203<br \/>\n<strong>VAT No<\/strong>: CZ27652203<\/p>\n<p>&nbsp;<\/p>\n<p><em>AMiT Automation s.r.o. is listed in the commercial register under the City Court in Prague, division C, file 121709<\/em><\/p>\n<p><em>&#8220;AMiT&#8221; is a registered trademark<\/em><\/p>\n<\/div>\n","protected":false},"excerpt":{"rendered":"<p>AMiT Automation s.r.o. was established in 2025 by spinning off AMiT, spol. s r.o., a traditional Czech manufacturer of industrial electronics, modern and reliable solutions for the fields of public and mass transport (now AMiT Transportation s.r.o.), industrial automation and building automation. AMiT Automation subscribes to the principles of social responsibility, with an emphasis on<a class=\"moretag excerpt orangelink\" href=\"https:\/\/amitomation.cz\/en\/company\/\">[&#8230;]<\/a><\/p>\n","protected":false},"author":51,"featured_media":0,"parent":0,"menu_order":0,"comment_status":"closed","ping_status":"closed","template":"","meta":{"footnotes":""},"class_list":["post-8135","page","type-page","status-publish","hentry"],"yoast_head":"<!-- This site is optimized with the Yoast SEO plugin v27.1.1 - https:\/\/yoast.com\/product\/yoast-seo-wordpress\/ -->\n<title>Company - AMiT Automation<\/title>\n<meta name=\"robots\" content=\"index, follow, max-snippet:-1, max-image-preview:large, max-video-preview:-1\" \/>\n<link rel=\"canonical\" href=\"https:\/\/amitomation.cz\/en\/company\/\" \/>\n<meta property=\"og:locale\" content=\"en_US\" \/>\n<meta property=\"og:type\" content=\"article\" \/>\n<meta property=\"og:title\" content=\"Company - AMiT Automation\" \/>\n<meta property=\"og:description\" content=\"AMiT Automation s.r.o. was established in 2025 by spinning off AMiT, spol. s r.o., a traditional Czech manufacturer of industrial electronics, modern and reliable solutions for the fields of public and mass transport (now AMiT Transportation s.r.o.), industrial automation and building automation. AMiT Automation subscribes to the principles of social responsibility, with an emphasis on[...]\" \/>\n<meta property=\"og:url\" content=\"https:\/\/amitomation.cz\/en\/company\/\" \/>\n<meta property=\"og:site_name\" content=\"AMiT Automation\" \/>\n<meta property=\"article:modified_time\" content=\"2025-11-05T20:04:15+00:00\" \/>\n<meta name=\"twitter:card\" content=\"summary_large_image\" \/>\n<meta name=\"twitter:label1\" content=\"Est. reading time\" \/>\n\t<meta name=\"twitter:data1\" content=\"1 minute\" \/>\n<script type=\"application\/ld+json\" class=\"yoast-schema-graph\">{\"@context\":\"https:\/\/schema.org\",\"@graph\":[{\"@type\":\"WebPage\",\"@id\":\"https:\/\/amitomation.cz\/en\/company\/\",\"url\":\"https:\/\/amitomation.cz\/en\/company\/\",\"name\":\"Company - AMiT Automation\",\"isPartOf\":{\"@id\":\"https:\/\/amitomation.cz\/en\/#website\"},\"datePublished\":\"2016-02-26T10:00:55+00:00\",\"dateModified\":\"2025-11-05T20:04:15+00:00\",\"breadcrumb\":{\"@id\":\"https:\/\/amitomation.cz\/en\/company\/#breadcrumb\"},\"inLanguage\":\"en-US\",\"potentialAction\":[{\"@type\":\"ReadAction\",\"target\":[\"https:\/\/amitomation.cz\/en\/company\/\"]}]},{\"@type\":\"BreadcrumbList\",\"@id\":\"https:\/\/amitomation.cz\/en\/company\/#breadcrumb\",\"itemListElement\":[{\"@type\":\"ListItem\",\"position\":1,\"name\":\"Home\",\"item\":\"https:\/\/amitomation.cz\/en\/\"},{\"@type\":\"ListItem\",\"position\":2,\"name\":\"Company\"}]},{\"@type\":\"WebSite\",\"@id\":\"https:\/\/amitomation.cz\/en\/#website\",\"url\":\"https:\/\/amitomation.cz\/en\/\",\"name\":\"AMiT Automation\",\"description\":\"Czech manufacturer of Control Systems and Industrial Automation Electronics\",\"publisher\":{\"@id\":\"https:\/\/amitomation.cz\/en\/#organization\"},\"potentialAction\":[{\"@type\":\"SearchAction\",\"target\":{\"@type\":\"EntryPoint\",\"urlTemplate\":\"https:\/\/amitomation.cz\/en\/?s={search_term_string}\"},\"query-input\":{\"@type\":\"PropertyValueSpecification\",\"valueRequired\":true,\"valueName\":\"search_term_string\"}}],\"inLanguage\":\"en-US\"},{\"@type\":\"Organization\",\"@id\":\"https:\/\/amitomation.cz\/en\/#organization\",\"name\":\"AMiT, spol. s r.o.\",\"url\":\"https:\/\/amitomation.cz\/en\/\",\"logo\":{\"@type\":\"ImageObject\",\"inLanguage\":\"en-US\",\"@id\":\"https:\/\/amitomation.cz\/en\/#\/schema\/logo\/image\/\",\"url\":\"https:\/\/amitomation.cz\/wp-content\/uploads\/2017\/07\/amit_automation_100x42.gif\",\"contentUrl\":\"https:\/\/amitomation.cz\/wp-content\/uploads\/2017\/07\/amit_automation_100x42.gif\",\"width\":100,\"height\":42,\"caption\":\"AMiT, spol. s r.o.\"},\"image\":{\"@id\":\"https:\/\/amitomation.cz\/en\/#\/schema\/logo\/image\/\"},\"sameAs\":[\"https:\/\/www.linkedin.com\/organization\/10939938\/\"]}]}<\/script>\n<!-- \/ Yoast SEO plugin. -->","yoast_head_json":{"title":"Company - AMiT Automation","robots":{"index":"index","follow":"follow","max-snippet":"max-snippet:-1","max-image-preview":"max-image-preview:large","max-video-preview":"max-video-preview:-1"},"canonical":"https:\/\/amitomation.cz\/en\/company\/","og_locale":"en_US","og_type":"article","og_title":"Company - AMiT Automation","og_description":"AMiT Automation s.r.o. was established in 2025 by spinning off AMiT, spol. s r.o., a traditional Czech manufacturer of industrial electronics, modern and reliable solutions for the fields of public and mass transport (now AMiT Transportation s.r.o.), industrial automation and building automation. AMiT Automation subscribes to the principles of social responsibility, with an emphasis on[...]","og_url":"https:\/\/amitomation.cz\/en\/company\/","og_site_name":"AMiT Automation","article_modified_time":"2025-11-05T20:04:15+00:00","twitter_card":"summary_large_image","twitter_misc":{"Est. reading time":"1 minute"},"schema":{"@context":"https:\/\/schema.org","@graph":[{"@type":"WebPage","@id":"https:\/\/amitomation.cz\/en\/company\/","url":"https:\/\/amitomation.cz\/en\/company\/","name":"Company - AMiT Automation","isPartOf":{"@id":"https:\/\/amitomation.cz\/en\/#website"},"datePublished":"2016-02-26T10:00:55+00:00","dateModified":"2025-11-05T20:04:15+00:00","breadcrumb":{"@id":"https:\/\/amitomation.cz\/en\/company\/#breadcrumb"},"inLanguage":"en-US","potentialAction":[{"@type":"ReadAction","target":["https:\/\/amitomation.cz\/en\/company\/"]}]},{"@type":"BreadcrumbList","@id":"https:\/\/amitomation.cz\/en\/company\/#breadcrumb","itemListElement":[{"@type":"ListItem","position":1,"name":"Home","item":"https:\/\/amitomation.cz\/en\/"},{"@type":"ListItem","position":2,"name":"Company"}]},{"@type":"WebSite","@id":"https:\/\/amitomation.cz\/en\/#website","url":"https:\/\/amitomation.cz\/en\/","name":"AMiT Automation","description":"Czech manufacturer of Control Systems and Industrial Automation Electronics","publisher":{"@id":"https:\/\/amitomation.cz\/en\/#organization"},"potentialAction":[{"@type":"SearchAction","target":{"@type":"EntryPoint","urlTemplate":"https:\/\/amitomation.cz\/en\/?s={search_term_string}"},"query-input":{"@type":"PropertyValueSpecification","valueRequired":true,"valueName":"search_term_string"}}],"inLanguage":"en-US"},{"@type":"Organization","@id":"https:\/\/amitomation.cz\/en\/#organization","name":"AMiT, spol. s r.o.","url":"https:\/\/amitomation.cz\/en\/","logo":{"@type":"ImageObject","inLanguage":"en-US","@id":"https:\/\/amitomation.cz\/en\/#\/schema\/logo\/image\/","url":"https:\/\/amitomation.cz\/wp-content\/uploads\/2017\/07\/amit_automation_100x42.gif","contentUrl":"https:\/\/amitomation.cz\/wp-content\/uploads\/2017\/07\/amit_automation_100x42.gif","width":100,"height":42,"caption":"AMiT, spol. s r.o."},"image":{"@id":"https:\/\/amitomation.cz\/en\/#\/schema\/logo\/image\/"},"sameAs":["https:\/\/www.linkedin.com\/organization\/10939938\/"]}]}},"_links":{"self":[{"href":"https:\/\/amitomation.cz\/en\/wp-json\/wp\/v2\/pages\/8135","targetHints":{"allow":["GET"]}}],"collection":[{"href":"https:\/\/amitomation.cz\/en\/wp-json\/wp\/v2\/pages"}],"about":[{"href":"https:\/\/amitomation.cz\/en\/wp-json\/wp\/v2\/types\/page"}],"author":[{"embeddable":true,"href":"https:\/\/amitomation.cz\/en\/wp-json\/wp\/v2\/users\/51"}],"replies":[{"embeddable":true,"href":"https:\/\/amitomation.cz\/en\/wp-json\/wp\/v2\/comments?post=8135"}],"version-history":[{"count":7,"href":"https:\/\/amitomation.cz\/en\/wp-json\/wp\/v2\/pages\/8135\/revisions"}],"predecessor-version":[{"id":58188,"href":"https:\/\/amitomation.cz\/en\/wp-json\/wp\/v2\/pages\/8135\/revisions\/58188"}],"wp:attachment":[{"href":"https:\/\/amitomation.cz\/en\/wp-json\/wp\/v2\/media?parent=8135"}],"curies":[{"name":"wp","href":"https:\/\/api.w.org\/{rel}","templated":true}]}}